{"id":1276,"date":"2019-05-13T11:30:38","date_gmt":"2019-05-13T14:30:38","guid":{"rendered":"http:\/\/www.jz.eng.br\/?page_id=1276"},"modified":"2021-04-28T16:55:18","modified_gmt":"2021-04-28T19:55:18","slug":"blog","status":"publish","type":"page","link":"https:\/\/www.jz.eng.br\/es\/blog\/","title":{"rendered":"Blog"},"content":{"rendered":"<p>Fique por dentro dos principais temas e assuntos que envolvem a constru\u00e7\u00e3o civil.<\/p>\n","protected":false},"excerpt":{"rendered":"<p>Fique por dentro dos principais temas e assuntos que envolvem a constru\u00e7\u00e3o civil.<\/p>\n","protected":false},"author":1,"featured_media":0,"parent":0,"menu_order":4,"comment_status":"closed","ping_status":"closed","template":"","meta":{"_acf_changed":false,"footnotes":""},"class_list":["post-1276","page","type-page","status-publish","hentry"],"acf":[],"yoast_head":"<!-- This site is optimized with the Yoast SEO plugin v24.7 - https:\/\/yoast.com\/wordpress\/plugins\/seo\/ -->\n<title>JZ Engenharia | Blog<\/title>\n<meta name=\"description\" content=\"Refer\u00eancia no setor de constru\u00e7\u00e3o civil e conhecimentos no ramo da Engenharia. Conhe\u00e7a mais sobre a JZ engenharia\" \/>\n<meta name=\"robots\" content=\"index, follow, max-snippet:-1, max-image-preview:large, max-video-preview:-1\" \/>\n<link rel=\"canonical\" href=\"https:\/\/www.jz.eng.br\/es\/blog\/\" \/>\n<meta property=\"og:locale\" content=\"es_ES\" \/>\n<meta property=\"og:type\" content=\"article\" \/>\n<meta property=\"og:title\" content=\"JZ Engenharia | Blog\" \/>\n<meta property=\"og:description\" content=\"Refer\u00eancia no setor de constru\u00e7\u00e3o civil e conhecimentos no ramo da Engenharia. Conhe\u00e7a mais sobre a JZ engenharia\" \/>\n<meta property=\"og:url\" content=\"https:\/\/www.jz.eng.br\/es\/blog\/\" \/>\n<meta property=\"og:site_name\" content=\"JZ Engenharia\" \/>\n<meta property=\"article:publisher\" content=\"https:\/\/www.facebook.com\/JZengLTDA\/\" \/>\n<meta property=\"article:modified_time\" content=\"2021-04-28T19:55:18+00:00\" \/>\n<meta name=\"twitter:card\" content=\"summary_large_image\" \/>\n<script type=\"application\/ld+json\" class=\"yoast-schema-graph\">{\"@context\":\"https:\/\/schema.org\",\"@graph\":[{\"@type\":\"WebPage\",\"@id\":\"https:\/\/www.jz.eng.br\/es\/blog\/\",\"url\":\"https:\/\/www.jz.eng.br\/es\/blog\/\",\"name\":\"JZ Engenharia | Blog\",\"isPartOf\":{\"@id\":\"https:\/\/www.jz.eng.br\/#website\"},\"datePublished\":\"2019-05-13T14:30:38+00:00\",\"dateModified\":\"2021-04-28T19:55:18+00:00\",\"description\":\"Refer\u00eancia no setor de constru\u00e7\u00e3o civil e conhecimentos no ramo da Engenharia. Conhe\u00e7a mais sobre a JZ engenharia\",\"breadcrumb\":{\"@id\":\"https:\/\/www.jz.eng.br\/es\/blog\/#breadcrumb\"},\"inLanguage\":\"es\",\"potentialAction\":[{\"@type\":\"ReadAction\",\"target\":[\"https:\/\/www.jz.eng.br\/es\/blog\/\"]}]},{\"@type\":\"BreadcrumbList\",\"@id\":\"https:\/\/www.jz.eng.br\/es\/blog\/#breadcrumb\",\"itemListElement\":[{\"@type\":\"ListItem\",\"position\":1,\"name\":\"In\u00edcio\",\"item\":\"https:\/\/www.jz.eng.br\/es\/\"},{\"@type\":\"ListItem\",\"position\":2,\"name\":\"Blog\"}]},{\"@type\":\"WebSite\",\"@id\":\"https:\/\/www.jz.eng.br\/#website\",\"url\":\"https:\/\/www.jz.eng.br\/\",\"name\":\"JZ Engenharia\",\"description\":\"\",\"publisher\":{\"@id\":\"https:\/\/www.jz.eng.br\/#organization\"},\"potentialAction\":[{\"@type\":\"SearchAction\",\"target\":{\"@type\":\"EntryPoint\",\"urlTemplate\":\"https:\/\/www.jz.eng.br\/?s={search_term_string}\"},\"query-input\":{\"@type\":\"PropertyValueSpecification\",\"valueRequired\":true,\"valueName\":\"search_term_string\"}}],\"inLanguage\":\"es\"},{\"@type\":\"Organization\",\"@id\":\"https:\/\/www.jz.eng.br\/#organization\",\"name\":\"JZ Engenharia\",\"url\":\"https:\/\/www.jz.eng.br\/\",\"logo\":{\"@type\":\"ImageObject\",\"inLanguage\":\"es\",\"@id\":\"https:\/\/www.jz.eng.br\/#\/schema\/logo\/image\/\",\"url\":\"https:\/\/www.jz.eng.br\/wp-content\/uploads\/2018\/10\/jz-engenharia.png\",\"contentUrl\":\"https:\/\/www.jz.eng.br\/wp-content\/uploads\/2018\/10\/jz-engenharia.png\",\"width\":122,\"height\":104,\"caption\":\"JZ Engenharia\"},\"image\":{\"@id\":\"https:\/\/www.jz.eng.br\/#\/schema\/logo\/image\/\"},\"sameAs\":[\"https:\/\/www.facebook.com\/JZengLTDA\/\",\"https:\/\/www.instagram.com\/jzengenharia\/\",\"https:\/\/www.linkedin.com\/company\/jz-engenharia-e-com\u00e9rcio-ltda.\/\",\"http:\/\/www.jz.eng.br\/projetos\/\"]}]}<\/script>\n<!-- \/ Yoast SEO plugin. -->","yoast_head_json":{"title":"JZ Engenharia | Blog","description":"Refer\u00eancia no setor de constru\u00e7\u00e3o civil e conhecimentos no ramo da Engenharia. Conhe\u00e7a mais sobre a JZ engenharia","robots":{"index":"index","follow":"follow","max-snippet":"max-snippet:-1","max-image-preview":"max-image-preview:large","max-video-preview":"max-video-preview:-1"},"canonical":"https:\/\/www.jz.eng.br\/es\/blog\/","og_locale":"es_ES","og_type":"article","og_title":"JZ Engenharia | Blog","og_description":"Refer\u00eancia no setor de constru\u00e7\u00e3o civil e conhecimentos no ramo da Engenharia. Conhe\u00e7a mais sobre a JZ engenharia","og_url":"https:\/\/www.jz.eng.br\/es\/blog\/","og_site_name":"JZ Engenharia","article_publisher":"https:\/\/www.facebook.com\/JZengLTDA\/","article_modified_time":"2021-04-28T19:55:18+00:00","twitter_card":"summary_large_image","schema":{"@context":"https:\/\/schema.org","@graph":[{"@type":"WebPage","@id":"https:\/\/www.jz.eng.br\/es\/blog\/","url":"https:\/\/www.jz.eng.br\/es\/blog\/","name":"JZ Engenharia | Blog","isPartOf":{"@id":"https:\/\/www.jz.eng.br\/#website"},"datePublished":"2019-05-13T14:30:38+00:00","dateModified":"2021-04-28T19:55:18+00:00","description":"Refer\u00eancia no setor de constru\u00e7\u00e3o civil e conhecimentos no ramo da Engenharia. Conhe\u00e7a mais sobre a JZ engenharia","breadcrumb":{"@id":"https:\/\/www.jz.eng.br\/es\/blog\/#breadcrumb"},"inLanguage":"es","potentialAction":[{"@type":"ReadAction","target":["https:\/\/www.jz.eng.br\/es\/blog\/"]}]},{"@type":"BreadcrumbList","@id":"https:\/\/www.jz.eng.br\/es\/blog\/#breadcrumb","itemListElement":[{"@type":"ListItem","position":1,"name":"In\u00edcio","item":"https:\/\/www.jz.eng.br\/es\/"},{"@type":"ListItem","position":2,"name":"Blog"}]},{"@type":"WebSite","@id":"https:\/\/www.jz.eng.br\/#website","url":"https:\/\/www.jz.eng.br\/","name":"JZ Engenharia","description":"","publisher":{"@id":"https:\/\/www.jz.eng.br\/#organization"},"potentialAction":[{"@type":"SearchAction","target":{"@type":"EntryPoint","urlTemplate":"https:\/\/www.jz.eng.br\/?s={search_term_string}"},"query-input":{"@type":"PropertyValueSpecification","valueRequired":true,"valueName":"search_term_string"}}],"inLanguage":"es"},{"@type":"Organization","@id":"https:\/\/www.jz.eng.br\/#organization","name":"JZ Engenharia","url":"https:\/\/www.jz.eng.br\/","logo":{"@type":"ImageObject","inLanguage":"es","@id":"https:\/\/www.jz.eng.br\/#\/schema\/logo\/image\/","url":"https:\/\/www.jz.eng.br\/wp-content\/uploads\/2018\/10\/jz-engenharia.png","contentUrl":"https:\/\/www.jz.eng.br\/wp-content\/uploads\/2018\/10\/jz-engenharia.png","width":122,"height":104,"caption":"JZ Engenharia"},"image":{"@id":"https:\/\/www.jz.eng.br\/#\/schema\/logo\/image\/"},"sameAs":["https:\/\/www.facebook.com\/JZengLTDA\/","https:\/\/www.instagram.com\/jzengenharia\/","https:\/\/www.linkedin.com\/company\/jz-engenharia-e-com\u00e9rcio-ltda.\/","http:\/\/www.jz.eng.br\/projetos\/"]}]}},"_links":{"self":[{"href":"https:\/\/www.jz.eng.br\/es\/wp-json\/wp\/v2\/pages\/1276","targetHints":{"allow":["GET"]}}],"collection":[{"href":"https:\/\/www.jz.eng.br\/es\/wp-json\/wp\/v2\/pages"}],"about":[{"href":"https:\/\/www.jz.eng.br\/es\/wp-json\/wp\/v2\/types\/page"}],"author":[{"embeddable":true,"href":"https:\/\/www.jz.eng.br\/es\/wp-json\/wp\/v2\/users\/1"}],"replies":[{"embeddable":true,"href":"https:\/\/www.jz.eng.br\/es\/wp-json\/wp\/v2\/comments?post=1276"}],"version-history":[{"count":1,"href":"https:\/\/www.jz.eng.br\/es\/wp-json\/wp\/v2\/pages\/1276\/revisions"}],"predecessor-version":[{"id":1277,"href":"https:\/\/www.jz.eng.br\/es\/wp-json\/wp\/v2\/pages\/1276\/revisions\/1277"}],"wp:attachment":[{"href":"https:\/\/www.jz.eng.br\/es\/wp-json\/wp\/v2\/media?parent=1276"}],"curies":[{"name":"wp","href":"https:\/\/api.w.org\/{rel}","templated":true}]}}