{"id":1244,"date":"2018-09-27T14:09:13","date_gmt":"2018-09-27T17:09:13","guid":{"rendered":"http:\/\/www.jz.eng.br\/?page_id=1244"},"modified":"2021-04-28T16:29:01","modified_gmt":"2021-04-28T19:29:01","slug":"a-jz","status":"publish","type":"page","link":"https:\/\/www.jz.eng.br\/es\/a-jz\/","title":{"rendered":"A JZ"},"content":{"rendered":"<p><img loading=\"lazy\" decoding=\"async\" class=\"alignleft wp-image-96 size-full\" src=\"http:\/\/www.jz.eng.br\/wp-content\/uploads\/2018\/09\/sobre-interna.jpg\" alt=\"\" width=\"600\" height=\"315\" srcset=\"https:\/\/www.jz.eng.br\/wp-content\/uploads\/2018\/09\/sobre-interna.jpg 600w, https:\/\/www.jz.eng.br\/wp-content\/uploads\/2018\/09\/sobre-interna-300x158.jpg 300w, https:\/\/www.jz.eng.br\/wp-content\/uploads\/2018\/09\/sobre-interna-150x79.jpg 150w\" sizes=\"auto, (max-width: 600px) 100vw, 600px\" \/>Fundada en 1987, JZ Engenharia viene actuando en proyectos de construcci\u00f3n ligera y pesada en varios segmentos del mercado ejecutando obras de edificaciones industriales, institucionales, modales, terraplenado, infraestructura, carreteras, viaductos, pistas de alto rendimiento y proyectos de recuperaci\u00f3n ambiental y restauraci\u00f3n.<\/p>\n<p>JZ Engenharia cuenta con una estructura corporativa avanzada, un equipo multidisciplinario para ofrecer todos los recursos necesarios con la m\u00e1xima agilidad, seguridad y eficiencia en obras de alta y mediana<br \/>\ncomplejidad.<\/p>\n<p>El servicio personalizado es una de las prioridades de esta empresa. Para alcanzar este objetivo, JZ Engenharia cuenta con personal t\u00e9cnico y administrativo altamente calificado que tiene como objetivo la mejora continua de sus procesos, lo que genera soluciones diferenciadas para los clientes.<\/p>\n<p>JZ Engenharia entrega m\u00e1s que s\u00f3lo buenos resultados y competencia en construcciones: tambi\u00e9n proporciona satisfacci\u00f3n total a sus clientes al garantizar un alto nivel de calidad y cumplir los plazos.<\/p>\n<p>&nbsp;<\/p>\n<h3 style=\"text-align: center;\">Pol\u00edtica de calidad<\/h3>\n<p>&nbsp;<\/p>\n<p>Actuar en el sector de la construcci\u00f3n civil en las \u00e1reas de vivienda, comercial e industrial desarrollando productos y ofreciendo servicios con equipos calificados, asegurando la satisfacci\u00f3n del cliente y la mejora continua del Sistema de Gesti\u00f3n de Calidad.<\/p>\n<p>&nbsp;<\/p>\n<p><img loading=\"lazy\" decoding=\"async\" class=\"wp-image-252 alignright\" src=\"http:\/\/www.jz.eng.br\/wp-content\/uploads\/2018\/10\/17.05.13-certificado-iso-300x277.png\" alt=\"\" width=\"172\" height=\"159\" srcset=\"https:\/\/www.jz.eng.br\/wp-content\/uploads\/2018\/10\/17.05.13-certificado-iso-300x277.png 300w, https:\/\/www.jz.eng.br\/wp-content\/uploads\/2018\/10\/17.05.13-certificado-iso-150x138.png 150w, https:\/\/www.jz.eng.br\/wp-content\/uploads\/2018\/10\/17.05.13-certificado-iso.png 336w\" sizes=\"auto, (max-width: 172px) 100vw, 172px\" \/> <img loading=\"lazy\" decoding=\"async\" class=\"wp-image-250 alignright\" src=\"http:\/\/www.jz.eng.br\/wp-content\/uploads\/2018\/10\/PBQPH-300x188.png\" alt=\"\" width=\"243\" height=\"152\" srcset=\"https:\/\/www.jz.eng.br\/wp-content\/uploads\/2018\/10\/PBQPH-300x188.png 300w, https:\/\/www.jz.eng.br\/wp-content\/uploads\/2018\/10\/PBQPH-768x480.png 768w, https:\/\/www.jz.eng.br\/wp-content\/uploads\/2018\/10\/PBQPH.png 1024w, https:\/\/www.jz.eng.br\/wp-content\/uploads\/2018\/10\/PBQPH-640x400.png 640w, https:\/\/www.jz.eng.br\/wp-content\/uploads\/2018\/10\/PBQPH-1000x625.png 1000w, https:\/\/www.jz.eng.br\/wp-content\/uploads\/2018\/10\/PBQPH-150x94.png 150w\" sizes=\"auto, (max-width: 243px) 100vw, 243px\" \/><\/p>\n","protected":false},"excerpt":{"rendered":"<p>Fundada en 1987, JZ Engenharia viene actuando en proyectos de construcci\u00f3n ligera y pesada en varios segmentos del mercado ejecutando obras de edificaciones industriales, institucionales, modales, terraplenado, infraestructura, carreteras, viaductos, pistas de alto rendimiento y proyectos de recuperaci\u00f3n ambiental y restauraci\u00f3n. JZ Engenharia cuenta con una estructura corporativa avanzada, un equipo multidisciplinario para ofrecer todos [&hellip;]<\/p>\n","protected":false},"author":1,"featured_media":0,"parent":0,"menu_order":2,"comment_status":"closed","ping_status":"closed","template":"","meta":{"_acf_changed":false,"footnotes":""},"class_list":["post-1244","page","type-page","status-publish","hentry"],"acf":[],"yoast_head":"<!-- This site is optimized with the Yoast SEO plugin v24.7 - https:\/\/yoast.com\/wordpress\/plugins\/seo\/ -->\n<title>Sobre a JZ Engenharia - Empreendimentos de Contru\u00e7\u00e3o<\/title>\n<meta name=\"description\" content=\"Desde o ano de 1987, a JZ Engenharia vem atuando em empreendimentos de constru\u00e7\u00e3o leve e pesada em diversos segmentos do mercado. Saiba Mais:\" \/>\n<meta name=\"robots\" content=\"index, follow, max-snippet:-1, max-image-preview:large, max-video-preview:-1\" \/>\n<link rel=\"canonical\" href=\"https:\/\/www.jz.eng.br\/a-jz\/\" \/>\n<meta property=\"og:locale\" content=\"es_ES\" \/>\n<meta property=\"og:type\" content=\"article\" \/>\n<meta property=\"og:title\" content=\"Sobre a JZ Engenharia - Empreendimentos de Contru\u00e7\u00e3o\" \/>\n<meta property=\"og:description\" content=\"Desde o ano de 1987, a JZ Engenharia vem atuando em empreendimentos de constru\u00e7\u00e3o leve e pesada em diversos segmentos do mercado. Saiba Mais:\" \/>\n<meta property=\"og:url\" content=\"https:\/\/www.jz.eng.br\/a-jz\/\" \/>\n<meta property=\"og:site_name\" content=\"JZ Engenharia\" \/>\n<meta property=\"article:publisher\" content=\"https:\/\/www.facebook.com\/JZengLTDA\/\" \/>\n<meta property=\"article:modified_time\" content=\"2021-04-28T19:29:01+00:00\" \/>\n<meta property=\"og:image\" content=\"http:\/\/www.jz.eng.br\/wp-content\/uploads\/2018\/09\/sobre-interna.jpg\" \/>\n<meta name=\"twitter:card\" content=\"summary_large_image\" \/>\n<meta name=\"twitter:label1\" content=\"Tiempo de lectura\" \/>\n\t<meta name=\"twitter:data1\" content=\"1 minuto\" \/>\n<script type=\"application\/ld+json\" class=\"yoast-schema-graph\">{\"@context\":\"https:\/\/schema.org\",\"@graph\":[{\"@type\":\"WebPage\",\"@id\":\"https:\/\/www.jz.eng.br\/a-jz\/\",\"url\":\"https:\/\/www.jz.eng.br\/a-jz\/\",\"name\":\"Sobre a JZ Engenharia - Empreendimentos de Contru\u00e7\u00e3o\",\"isPartOf\":{\"@id\":\"https:\/\/www.jz.eng.br\/#website\"},\"primaryImageOfPage\":{\"@id\":\"https:\/\/www.jz.eng.br\/a-jz\/#primaryimage\"},\"image\":{\"@id\":\"https:\/\/www.jz.eng.br\/a-jz\/#primaryimage\"},\"thumbnailUrl\":\"http:\/\/www.jz.eng.br\/wp-content\/uploads\/2018\/09\/sobre-interna.jpg\",\"datePublished\":\"2018-09-27T17:09:13+00:00\",\"dateModified\":\"2021-04-28T19:29:01+00:00\",\"description\":\"Desde o ano de 1987, a JZ Engenharia vem atuando em empreendimentos de constru\u00e7\u00e3o leve e pesada em diversos segmentos do mercado. Saiba Mais:\",\"breadcrumb\":{\"@id\":\"https:\/\/www.jz.eng.br\/a-jz\/#breadcrumb\"},\"inLanguage\":\"es\",\"potentialAction\":[{\"@type\":\"ReadAction\",\"target\":[\"https:\/\/www.jz.eng.br\/a-jz\/\"]}]},{\"@type\":\"ImageObject\",\"inLanguage\":\"es\",\"@id\":\"https:\/\/www.jz.eng.br\/a-jz\/#primaryimage\",\"url\":\"http:\/\/www.jz.eng.br\/wp-content\/uploads\/2018\/09\/sobre-interna.jpg\",\"contentUrl\":\"http:\/\/www.jz.eng.br\/wp-content\/uploads\/2018\/09\/sobre-interna.jpg\"},{\"@type\":\"BreadcrumbList\",\"@id\":\"https:\/\/www.jz.eng.br\/a-jz\/#breadcrumb\",\"itemListElement\":[{\"@type\":\"ListItem\",\"position\":1,\"name\":\"In\u00edcio\",\"item\":\"https:\/\/www.jz.eng.br\/es\/\"},{\"@type\":\"ListItem\",\"position\":2,\"name\":\"A JZ\"}]},{\"@type\":\"WebSite\",\"@id\":\"https:\/\/www.jz.eng.br\/#website\",\"url\":\"https:\/\/www.jz.eng.br\/\",\"name\":\"JZ Engenharia\",\"description\":\"\",\"publisher\":{\"@id\":\"https:\/\/www.jz.eng.br\/#organization\"},\"potentialAction\":[{\"@type\":\"SearchAction\",\"target\":{\"@type\":\"EntryPoint\",\"urlTemplate\":\"https:\/\/www.jz.eng.br\/?s={search_term_string}\"},\"query-input\":{\"@type\":\"PropertyValueSpecification\",\"valueRequired\":true,\"valueName\":\"search_term_string\"}}],\"inLanguage\":\"es\"},{\"@type\":\"Organization\",\"@id\":\"https:\/\/www.jz.eng.br\/#organization\",\"name\":\"JZ Engenharia\",\"url\":\"https:\/\/www.jz.eng.br\/\",\"logo\":{\"@type\":\"ImageObject\",\"inLanguage\":\"es\",\"@id\":\"https:\/\/www.jz.eng.br\/#\/schema\/logo\/image\/\",\"url\":\"https:\/\/www.jz.eng.br\/wp-content\/uploads\/2018\/10\/jz-engenharia.png\",\"contentUrl\":\"https:\/\/www.jz.eng.br\/wp-content\/uploads\/2018\/10\/jz-engenharia.png\",\"width\":122,\"height\":104,\"caption\":\"JZ Engenharia\"},\"image\":{\"@id\":\"https:\/\/www.jz.eng.br\/#\/schema\/logo\/image\/\"},\"sameAs\":[\"https:\/\/www.facebook.com\/JZengLTDA\/\",\"https:\/\/www.instagram.com\/jzengenharia\/\",\"https:\/\/www.linkedin.com\/company\/jz-engenharia-e-com\u00e9rcio-ltda.\/\",\"http:\/\/www.jz.eng.br\/projetos\/\"]}]}<\/script>\n<!-- \/ Yoast SEO plugin. -->","yoast_head_json":{"title":"Sobre a JZ Engenharia - Empreendimentos de Contru\u00e7\u00e3o","description":"Desde o ano de 1987, a JZ Engenharia vem atuando em empreendimentos de constru\u00e7\u00e3o leve e pesada em diversos segmentos do mercado. Saiba Mais:","robots":{"index":"index","follow":"follow","max-snippet":"max-snippet:-1","max-image-preview":"max-image-preview:large","max-video-preview":"max-video-preview:-1"},"canonical":"https:\/\/www.jz.eng.br\/a-jz\/","og_locale":"es_ES","og_type":"article","og_title":"Sobre a JZ Engenharia - Empreendimentos de Contru\u00e7\u00e3o","og_description":"Desde o ano de 1987, a JZ Engenharia vem atuando em empreendimentos de constru\u00e7\u00e3o leve e pesada em diversos segmentos do mercado. Saiba Mais:","og_url":"https:\/\/www.jz.eng.br\/a-jz\/","og_site_name":"JZ Engenharia","article_publisher":"https:\/\/www.facebook.com\/JZengLTDA\/","article_modified_time":"2021-04-28T19:29:01+00:00","og_image":[{"url":"http:\/\/www.jz.eng.br\/wp-content\/uploads\/2018\/09\/sobre-interna.jpg","type":"","width":"","height":""}],"twitter_card":"summary_large_image","twitter_misc":{"Tiempo de lectura":"1 minuto"},"schema":{"@context":"https:\/\/schema.org","@graph":[{"@type":"WebPage","@id":"https:\/\/www.jz.eng.br\/a-jz\/","url":"https:\/\/www.jz.eng.br\/a-jz\/","name":"Sobre a JZ Engenharia - Empreendimentos de Contru\u00e7\u00e3o","isPartOf":{"@id":"https:\/\/www.jz.eng.br\/#website"},"primaryImageOfPage":{"@id":"https:\/\/www.jz.eng.br\/a-jz\/#primaryimage"},"image":{"@id":"https:\/\/www.jz.eng.br\/a-jz\/#primaryimage"},"thumbnailUrl":"http:\/\/www.jz.eng.br\/wp-content\/uploads\/2018\/09\/sobre-interna.jpg","datePublished":"2018-09-27T17:09:13+00:00","dateModified":"2021-04-28T19:29:01+00:00","description":"Desde o ano de 1987, a JZ Engenharia vem atuando em empreendimentos de constru\u00e7\u00e3o leve e pesada em diversos segmentos do mercado. Saiba Mais:","breadcrumb":{"@id":"https:\/\/www.jz.eng.br\/a-jz\/#breadcrumb"},"inLanguage":"es","potentialAction":[{"@type":"ReadAction","target":["https:\/\/www.jz.eng.br\/a-jz\/"]}]},{"@type":"ImageObject","inLanguage":"es","@id":"https:\/\/www.jz.eng.br\/a-jz\/#primaryimage","url":"http:\/\/www.jz.eng.br\/wp-content\/uploads\/2018\/09\/sobre-interna.jpg","contentUrl":"http:\/\/www.jz.eng.br\/wp-content\/uploads\/2018\/09\/sobre-interna.jpg"},{"@type":"BreadcrumbList","@id":"https:\/\/www.jz.eng.br\/a-jz\/#breadcrumb","itemListElement":[{"@type":"ListItem","position":1,"name":"In\u00edcio","item":"https:\/\/www.jz.eng.br\/es\/"},{"@type":"ListItem","position":2,"name":"A JZ"}]},{"@type":"WebSite","@id":"https:\/\/www.jz.eng.br\/#website","url":"https:\/\/www.jz.eng.br\/","name":"JZ Engenharia","description":"","publisher":{"@id":"https:\/\/www.jz.eng.br\/#organization"},"potentialAction":[{"@type":"SearchAction","target":{"@type":"EntryPoint","urlTemplate":"https:\/\/www.jz.eng.br\/?s={search_term_string}"},"query-input":{"@type":"PropertyValueSpecification","valueRequired":true,"valueName":"search_term_string"}}],"inLanguage":"es"},{"@type":"Organization","@id":"https:\/\/www.jz.eng.br\/#organization","name":"JZ Engenharia","url":"https:\/\/www.jz.eng.br\/","logo":{"@type":"ImageObject","inLanguage":"es","@id":"https:\/\/www.jz.eng.br\/#\/schema\/logo\/image\/","url":"https:\/\/www.jz.eng.br\/wp-content\/uploads\/2018\/10\/jz-engenharia.png","contentUrl":"https:\/\/www.jz.eng.br\/wp-content\/uploads\/2018\/10\/jz-engenharia.png","width":122,"height":104,"caption":"JZ Engenharia"},"image":{"@id":"https:\/\/www.jz.eng.br\/#\/schema\/logo\/image\/"},"sameAs":["https:\/\/www.facebook.com\/JZengLTDA\/","https:\/\/www.instagram.com\/jzengenharia\/","https:\/\/www.linkedin.com\/company\/jz-engenharia-e-com\u00e9rcio-ltda.\/","http:\/\/www.jz.eng.br\/projetos\/"]}]}},"_links":{"self":[{"href":"https:\/\/www.jz.eng.br\/es\/wp-json\/wp\/v2\/pages\/1244","targetHints":{"allow":["GET"]}}],"collection":[{"href":"https:\/\/www.jz.eng.br\/es\/wp-json\/wp\/v2\/pages"}],"about":[{"href":"https:\/\/www.jz.eng.br\/es\/wp-json\/wp\/v2\/types\/page"}],"author":[{"embeddable":true,"href":"https:\/\/www.jz.eng.br\/es\/wp-json\/wp\/v2\/users\/1"}],"replies":[{"embeddable":true,"href":"https:\/\/www.jz.eng.br\/es\/wp-json\/wp\/v2\/comments?post=1244"}],"version-history":[{"count":4,"href":"https:\/\/www.jz.eng.br\/es\/wp-json\/wp\/v2\/pages\/1244\/revisions"}],"predecessor-version":[{"id":1330,"href":"https:\/\/www.jz.eng.br\/es\/wp-json\/wp\/v2\/pages\/1244\/revisions\/1330"}],"wp:attachment":[{"href":"https:\/\/www.jz.eng.br\/es\/wp-json\/wp\/v2\/media?parent=1244"}],"curies":[{"name":"wp","href":"https:\/\/api.w.org\/{rel}","templated":true}]}}