{"id":1242,"date":"2018-09-27T14:09:13","date_gmt":"2018-09-27T17:09:13","guid":{"rendered":"http:\/\/www.jz.eng.br\/?page_id=1242"},"modified":"2021-04-28T16:30:51","modified_gmt":"2021-04-28T19:30:51","slug":"about-jz","status":"publish","type":"page","link":"https:\/\/www.jz.eng.br\/en\/about-jz\/","title":{"rendered":"About JZ"},"content":{"rendered":"<p><img loading=\"lazy\" decoding=\"async\" class=\"alignleft wp-image-96 size-full\" src=\"http:\/\/www.jz.eng.br\/wp-content\/uploads\/2018\/09\/sobre-interna.jpg\" alt=\"\" width=\"600\" height=\"315\" srcset=\"https:\/\/www.jz.eng.br\/wp-content\/uploads\/2018\/09\/sobre-interna.jpg 600w, https:\/\/www.jz.eng.br\/wp-content\/uploads\/2018\/09\/sobre-interna-300x158.jpg 300w, https:\/\/www.jz.eng.br\/wp-content\/uploads\/2018\/09\/sobre-interna-150x79.jpg 150w\" sizes=\"auto, (max-width: 600px) 100vw, 600px\" \/>Established in 1987, JZ Engenharia has been working on light and heavy construction projects in many different market segments, including industrial, institutional, modal building, earthmoving, infrastructure,<br \/>\nroads, bridges, high-performance roads and environmental restoration projects.<\/p>\n<p>With a modern corporate structure, JZ Engenharia employs a multidisciplinary team to offer all necessary resources with maximum speed, safety and efficiency in works of high and average complexity. Customized service is one of the company\u2019s priorities. To meet this objective, JZ Engenharia has a highly qualified technical and administrative staff that aims at the continuous improvement of its processes, offering<br \/>\ncustomized solutions to its customers.<\/p>\n<p>JZ Engineering delivers more than just good results and competence in construction. It also guarantees its customers\u2019 full satisfaction by guaranteeing high quality standards and meeting deadlines.<\/p>\n<p>&nbsp;<\/p>\n<h3 style=\"text-align: center;\">Quality policy<\/h3>\n<p>&nbsp;<\/p>\n<p>The company works in the construction sector in the fields of housing, commercial and industrial works, developing products and offering services with qualified teams, ensuring its customers\u2019 satisfaction and the continuous improvement of the Quality Management System.<\/p>\n<p>&nbsp;<\/p>\n<p><img loading=\"lazy\" decoding=\"async\" class=\"wp-image-252 alignright\" src=\"http:\/\/www.jz.eng.br\/wp-content\/uploads\/2018\/10\/17.05.13-certificado-iso-300x277.png\" alt=\"\" width=\"172\" height=\"159\" srcset=\"https:\/\/www.jz.eng.br\/wp-content\/uploads\/2018\/10\/17.05.13-certificado-iso-300x277.png 300w, https:\/\/www.jz.eng.br\/wp-content\/uploads\/2018\/10\/17.05.13-certificado-iso-150x138.png 150w, https:\/\/www.jz.eng.br\/wp-content\/uploads\/2018\/10\/17.05.13-certificado-iso.png 336w\" sizes=\"auto, (max-width: 172px) 100vw, 172px\" \/> <img loading=\"lazy\" decoding=\"async\" class=\"wp-image-250 alignright\" src=\"http:\/\/www.jz.eng.br\/wp-content\/uploads\/2018\/10\/PBQPH-300x188.png\" alt=\"\" width=\"243\" height=\"152\" srcset=\"https:\/\/www.jz.eng.br\/wp-content\/uploads\/2018\/10\/PBQPH-300x188.png 300w, https:\/\/www.jz.eng.br\/wp-content\/uploads\/2018\/10\/PBQPH-768x480.png 768w, https:\/\/www.jz.eng.br\/wp-content\/uploads\/2018\/10\/PBQPH.png 1024w, https:\/\/www.jz.eng.br\/wp-content\/uploads\/2018\/10\/PBQPH-640x400.png 640w, https:\/\/www.jz.eng.br\/wp-content\/uploads\/2018\/10\/PBQPH-1000x625.png 1000w, https:\/\/www.jz.eng.br\/wp-content\/uploads\/2018\/10\/PBQPH-150x94.png 150w\" sizes=\"auto, (max-width: 243px) 100vw, 243px\" \/><\/p>\n","protected":false},"excerpt":{"rendered":"<p>Established in 1987, JZ Engenharia has been working on light and heavy construction projects in many different market segments, including industrial, institutional, modal building, earthmoving, infrastructure, roads, bridges, high-performance roads and environmental restoration projects. With a modern corporate structure, JZ Engenharia employs a multidisciplinary team to offer all necessary resources with maximum speed, safety and [&hellip;]<\/p>\n","protected":false},"author":1,"featured_media":0,"parent":0,"menu_order":2,"comment_status":"closed","ping_status":"closed","template":"","meta":{"_acf_changed":false,"footnotes":""},"class_list":["post-1242","page","type-page","status-publish","hentry"],"acf":[],"yoast_head":"<!-- This site is optimized with the Yoast SEO plugin v24.7 - https:\/\/yoast.com\/wordpress\/plugins\/seo\/ -->\n<title>Sobre a JZ Engenharia - Empreendimentos de Contru\u00e7\u00e3o<\/title>\n<meta name=\"description\" content=\"A JZ Engenharia, fundada em 1987. Atua ao longo dos anos com empreendimentos de constru\u00e7\u00e3o leve e pesada. Saiba Mais:\" \/>\n<meta name=\"robots\" content=\"index, follow, max-snippet:-1, max-image-preview:large, max-video-preview:-1\" \/>\n<link rel=\"canonical\" href=\"https:\/\/www.jz.eng.br\/en\/about-jz\/\" \/>\n<meta property=\"og:locale\" content=\"en_US\" \/>\n<meta property=\"og:type\" content=\"article\" \/>\n<meta property=\"og:title\" content=\"Sobre a JZ Engenharia - Empreendimentos de Contru\u00e7\u00e3o\" \/>\n<meta property=\"og:description\" content=\"A JZ Engenharia, fundada em 1987. Atua ao longo dos anos com empreendimentos de constru\u00e7\u00e3o leve e pesada. Saiba Mais:\" \/>\n<meta property=\"og:url\" content=\"https:\/\/www.jz.eng.br\/en\/about-jz\/\" \/>\n<meta property=\"og:site_name\" content=\"JZ Engenharia\" \/>\n<meta property=\"article:publisher\" content=\"https:\/\/www.facebook.com\/JZengLTDA\/\" \/>\n<meta property=\"article:modified_time\" content=\"2021-04-28T19:30:51+00:00\" \/>\n<meta property=\"og:image\" content=\"http:\/\/www.jz.eng.br\/wp-content\/uploads\/2018\/09\/sobre-interna.jpg\" \/>\n<meta name=\"twitter:card\" content=\"summary_large_image\" \/>\n<meta name=\"twitter:label1\" content=\"Est. reading time\" \/>\n\t<meta name=\"twitter:data1\" content=\"1 minute\" \/>\n<script type=\"application\/ld+json\" class=\"yoast-schema-graph\">{\"@context\":\"https:\/\/schema.org\",\"@graph\":[{\"@type\":\"WebPage\",\"@id\":\"https:\/\/www.jz.eng.br\/en\/about-jz\/\",\"url\":\"https:\/\/www.jz.eng.br\/en\/about-jz\/\",\"name\":\"Sobre a JZ Engenharia - Empreendimentos de Contru\u00e7\u00e3o\",\"isPartOf\":{\"@id\":\"https:\/\/www.jz.eng.br\/#website\"},\"primaryImageOfPage\":{\"@id\":\"https:\/\/www.jz.eng.br\/en\/about-jz\/#primaryimage\"},\"image\":{\"@id\":\"https:\/\/www.jz.eng.br\/en\/about-jz\/#primaryimage\"},\"thumbnailUrl\":\"http:\/\/www.jz.eng.br\/wp-content\/uploads\/2018\/09\/sobre-interna.jpg\",\"datePublished\":\"2018-09-27T17:09:13+00:00\",\"dateModified\":\"2021-04-28T19:30:51+00:00\",\"description\":\"A JZ Engenharia, fundada em 1987. Atua ao longo dos anos com empreendimentos de constru\u00e7\u00e3o leve e pesada. Saiba Mais:\",\"breadcrumb\":{\"@id\":\"https:\/\/www.jz.eng.br\/en\/about-jz\/#breadcrumb\"},\"inLanguage\":\"en-US\",\"potentialAction\":[{\"@type\":\"ReadAction\",\"target\":[\"https:\/\/www.jz.eng.br\/en\/about-jz\/\"]}]},{\"@type\":\"ImageObject\",\"inLanguage\":\"en-US\",\"@id\":\"https:\/\/www.jz.eng.br\/en\/about-jz\/#primaryimage\",\"url\":\"http:\/\/www.jz.eng.br\/wp-content\/uploads\/2018\/09\/sobre-interna.jpg\",\"contentUrl\":\"http:\/\/www.jz.eng.br\/wp-content\/uploads\/2018\/09\/sobre-interna.jpg\"},{\"@type\":\"BreadcrumbList\",\"@id\":\"https:\/\/www.jz.eng.br\/en\/about-jz\/#breadcrumb\",\"itemListElement\":[{\"@type\":\"ListItem\",\"position\":1,\"name\":\"In\u00edcio\",\"item\":\"https:\/\/www.jz.eng.br\/en\/\"},{\"@type\":\"ListItem\",\"position\":2,\"name\":\"About JZ\"}]},{\"@type\":\"WebSite\",\"@id\":\"https:\/\/www.jz.eng.br\/#website\",\"url\":\"https:\/\/www.jz.eng.br\/\",\"name\":\"JZ Engenharia\",\"description\":\"\",\"publisher\":{\"@id\":\"https:\/\/www.jz.eng.br\/#organization\"},\"potentialAction\":[{\"@type\":\"SearchAction\",\"target\":{\"@type\":\"EntryPoint\",\"urlTemplate\":\"https:\/\/www.jz.eng.br\/?s={search_term_string}\"},\"query-input\":{\"@type\":\"PropertyValueSpecification\",\"valueRequired\":true,\"valueName\":\"search_term_string\"}}],\"inLanguage\":\"en-US\"},{\"@type\":\"Organization\",\"@id\":\"https:\/\/www.jz.eng.br\/#organization\",\"name\":\"JZ Engenharia\",\"url\":\"https:\/\/www.jz.eng.br\/\",\"logo\":{\"@type\":\"ImageObject\",\"inLanguage\":\"en-US\",\"@id\":\"https:\/\/www.jz.eng.br\/#\/schema\/logo\/image\/\",\"url\":\"https:\/\/www.jz.eng.br\/wp-content\/uploads\/2018\/10\/jz-engenharia.png\",\"contentUrl\":\"https:\/\/www.jz.eng.br\/wp-content\/uploads\/2018\/10\/jz-engenharia.png\",\"width\":122,\"height\":104,\"caption\":\"JZ Engenharia\"},\"image\":{\"@id\":\"https:\/\/www.jz.eng.br\/#\/schema\/logo\/image\/\"},\"sameAs\":[\"https:\/\/www.facebook.com\/JZengLTDA\/\",\"https:\/\/www.instagram.com\/jzengenharia\/\",\"https:\/\/www.linkedin.com\/company\/jz-engenharia-e-com\u00e9rcio-ltda.\/\",\"http:\/\/www.jz.eng.br\/projetos\/\"]}]}<\/script>\n<!-- \/ Yoast SEO plugin. -->","yoast_head_json":{"title":"Sobre a JZ Engenharia - Empreendimentos de Contru\u00e7\u00e3o","description":"A JZ Engenharia, fundada em 1987. Atua ao longo dos anos com empreendimentos de constru\u00e7\u00e3o leve e pesada. Saiba Mais:","robots":{"index":"index","follow":"follow","max-snippet":"max-snippet:-1","max-image-preview":"max-image-preview:large","max-video-preview":"max-video-preview:-1"},"canonical":"https:\/\/www.jz.eng.br\/en\/about-jz\/","og_locale":"en_US","og_type":"article","og_title":"Sobre a JZ Engenharia - Empreendimentos de Contru\u00e7\u00e3o","og_description":"A JZ Engenharia, fundada em 1987. Atua ao longo dos anos com empreendimentos de constru\u00e7\u00e3o leve e pesada. Saiba Mais:","og_url":"https:\/\/www.jz.eng.br\/en\/about-jz\/","og_site_name":"JZ Engenharia","article_publisher":"https:\/\/www.facebook.com\/JZengLTDA\/","article_modified_time":"2021-04-28T19:30:51+00:00","og_image":[{"url":"http:\/\/www.jz.eng.br\/wp-content\/uploads\/2018\/09\/sobre-interna.jpg","type":"","width":"","height":""}],"twitter_card":"summary_large_image","twitter_misc":{"Est. reading time":"1 minute"},"schema":{"@context":"https:\/\/schema.org","@graph":[{"@type":"WebPage","@id":"https:\/\/www.jz.eng.br\/en\/about-jz\/","url":"https:\/\/www.jz.eng.br\/en\/about-jz\/","name":"Sobre a JZ Engenharia - Empreendimentos de Contru\u00e7\u00e3o","isPartOf":{"@id":"https:\/\/www.jz.eng.br\/#website"},"primaryImageOfPage":{"@id":"https:\/\/www.jz.eng.br\/en\/about-jz\/#primaryimage"},"image":{"@id":"https:\/\/www.jz.eng.br\/en\/about-jz\/#primaryimage"},"thumbnailUrl":"http:\/\/www.jz.eng.br\/wp-content\/uploads\/2018\/09\/sobre-interna.jpg","datePublished":"2018-09-27T17:09:13+00:00","dateModified":"2021-04-28T19:30:51+00:00","description":"A JZ Engenharia, fundada em 1987. Atua ao longo dos anos com empreendimentos de constru\u00e7\u00e3o leve e pesada. Saiba Mais:","breadcrumb":{"@id":"https:\/\/www.jz.eng.br\/en\/about-jz\/#breadcrumb"},"inLanguage":"en-US","potentialAction":[{"@type":"ReadAction","target":["https:\/\/www.jz.eng.br\/en\/about-jz\/"]}]},{"@type":"ImageObject","inLanguage":"en-US","@id":"https:\/\/www.jz.eng.br\/en\/about-jz\/#primaryimage","url":"http:\/\/www.jz.eng.br\/wp-content\/uploads\/2018\/09\/sobre-interna.jpg","contentUrl":"http:\/\/www.jz.eng.br\/wp-content\/uploads\/2018\/09\/sobre-interna.jpg"},{"@type":"BreadcrumbList","@id":"https:\/\/www.jz.eng.br\/en\/about-jz\/#breadcrumb","itemListElement":[{"@type":"ListItem","position":1,"name":"In\u00edcio","item":"https:\/\/www.jz.eng.br\/en\/"},{"@type":"ListItem","position":2,"name":"About JZ"}]},{"@type":"WebSite","@id":"https:\/\/www.jz.eng.br\/#website","url":"https:\/\/www.jz.eng.br\/","name":"JZ Engenharia","description":"","publisher":{"@id":"https:\/\/www.jz.eng.br\/#organization"},"potentialAction":[{"@type":"SearchAction","target":{"@type":"EntryPoint","urlTemplate":"https:\/\/www.jz.eng.br\/?s={search_term_string}"},"query-input":{"@type":"PropertyValueSpecification","valueRequired":true,"valueName":"search_term_string"}}],"inLanguage":"en-US"},{"@type":"Organization","@id":"https:\/\/www.jz.eng.br\/#organization","name":"JZ Engenharia","url":"https:\/\/www.jz.eng.br\/","logo":{"@type":"ImageObject","inLanguage":"en-US","@id":"https:\/\/www.jz.eng.br\/#\/schema\/logo\/image\/","url":"https:\/\/www.jz.eng.br\/wp-content\/uploads\/2018\/10\/jz-engenharia.png","contentUrl":"https:\/\/www.jz.eng.br\/wp-content\/uploads\/2018\/10\/jz-engenharia.png","width":122,"height":104,"caption":"JZ Engenharia"},"image":{"@id":"https:\/\/www.jz.eng.br\/#\/schema\/logo\/image\/"},"sameAs":["https:\/\/www.facebook.com\/JZengLTDA\/","https:\/\/www.instagram.com\/jzengenharia\/","https:\/\/www.linkedin.com\/company\/jz-engenharia-e-com\u00e9rcio-ltda.\/","http:\/\/www.jz.eng.br\/projetos\/"]}]}},"_links":{"self":[{"href":"https:\/\/www.jz.eng.br\/en\/wp-json\/wp\/v2\/pages\/1242","targetHints":{"allow":["GET"]}}],"collection":[{"href":"https:\/\/www.jz.eng.br\/en\/wp-json\/wp\/v2\/pages"}],"about":[{"href":"https:\/\/www.jz.eng.br\/en\/wp-json\/wp\/v2\/types\/page"}],"author":[{"embeddable":true,"href":"https:\/\/www.jz.eng.br\/en\/wp-json\/wp\/v2\/users\/1"}],"replies":[{"embeddable":true,"href":"https:\/\/www.jz.eng.br\/en\/wp-json\/wp\/v2\/comments?post=1242"}],"version-history":[{"count":5,"href":"https:\/\/www.jz.eng.br\/en\/wp-json\/wp\/v2\/pages\/1242\/revisions"}],"predecessor-version":[{"id":1324,"href":"https:\/\/www.jz.eng.br\/en\/wp-json\/wp\/v2\/pages\/1242\/revisions\/1324"}],"wp:attachment":[{"href":"https:\/\/www.jz.eng.br\/en\/wp-json\/wp\/v2\/media?parent=1242"}],"curies":[{"name":"wp","href":"https:\/\/api.w.org\/{rel}","templated":true}]}}